{"id":984,"date":"2024-07-01T18:57:18","date_gmt":"2024-07-01T18:57:18","guid":{"rendered":"https:\/\/elev.liceuladventist.ro\/?page_id=984"},"modified":"2024-07-01T19:24:41","modified_gmt":"2024-07-01T19:24:41","slug":"inscriere-scoala-profesionala","status":"publish","type":"page","link":"https:\/\/elev.liceuladventist.ro\/?page_id=984","title":{"rendered":"\u00censcriere \u0219coala profesional\u0103"},"content":{"rendered":"\t\t<div data-elementor-type=\"wp-page\" data-elementor-id=\"984\" class=\"elementor elementor-984\" data-elementor-post-type=\"page\">\n\t\t\t\t\t\t<section class=\"elementor-section elementor-top-section elementor-element elementor-element-33a2286 elementor-section-boxed elementor-section-height-default elementor-section-height-default\" data-id=\"33a2286\" data-element_type=\"section\" data-e-type=\"section\">\n\t\t\t\t\t\t<div class=\"elementor-container elementor-column-gap-default\">\n\t\t\t\t\t<div class=\"elementor-column elementor-col-100 elementor-top-column elementor-element elementor-element-998417f\" data-id=\"998417f\" data-element_type=\"column\" data-e-type=\"column\">\n\t\t\t<div class=\"elementor-widget-wrap elementor-element-populated\">\n\t\t\t\t\t\t<div class=\"elementor-element elementor-element-a2adad8 dce_masking-none elementor-widget elementor-widget-image\" data-id=\"a2adad8\" data-element_type=\"widget\" data-e-type=\"widget\" data-widget_type=\"image.default\">\n\t\t\t\t<div class=\"elementor-widget-container\">\n\t\t\t\t\t\t\t\t\t\t\t\t\t\t\t<img decoding=\"async\" width=\"150\" height=\"150\" src=\"https:\/\/elev.liceuladventist.ro\/wp-content\/uploads\/2023\/06\/Logo-LTA-150x150.png\" class=\"attachment-thumbnail size-thumbnail wp-image-15\" alt=\"\" srcset=\"https:\/\/elev.liceuladventist.ro\/wp-content\/uploads\/2023\/06\/Logo-LTA-150x150.png 150w, https:\/\/elev.liceuladventist.ro\/wp-content\/uploads\/2023\/06\/Logo-LTA-300x300.png 300w, https:\/\/elev.liceuladventist.ro\/wp-content\/uploads\/2023\/06\/Logo-LTA.png 512w\" sizes=\"(max-width: 150px) 100vw, 150px\" \/>\t\t\t\t\t\t\t\t\t\t\t\t\t\t\t<\/div>\n\t\t\t\t<\/div>\n\t\t\t\t\t<\/div>\n\t\t<\/div>\n\t\t\t\t\t<\/div>\n\t\t<\/section>\n\t\t\t\t<section class=\"elementor-section elementor-top-section elementor-element elementor-element-5fb0b987 elementor-section-boxed elementor-section-height-default elementor-section-height-default\" data-id=\"5fb0b987\" data-element_type=\"section\" data-e-type=\"section\" data-settings=\"{&quot;background_background&quot;:&quot;classic&quot;}\">\n\t\t\t\t\t\t<div class=\"elementor-container elementor-column-gap-default\">\n\t\t\t\t\t<div class=\"elementor-column elementor-col-100 elementor-top-column elementor-element elementor-element-54fbb127\" data-id=\"54fbb127\" data-element_type=\"column\" data-e-type=\"column\">\n\t\t\t<div class=\"elementor-widget-wrap elementor-element-populated\">\n\t\t\t\t\t\t<div class=\"elementor-element elementor-element-12bc8f1b elementor-widget elementor-widget-heading\" data-id=\"12bc8f1b\" data-element_type=\"widget\" data-e-type=\"widget\" data-widget_type=\"heading.default\">\n\t\t\t\t<div class=\"elementor-widget-container\">\n\t\t\t\t\t<h2 class=\"elementor-heading-title elementor-size-default\">Formular \u00eenscriere<\/h2>\t\t\t\t<\/div>\n\t\t\t\t<\/div>\n\t\t\t\t<div class=\"elementor-element elementor-element-327ce5a elementor-headline--style-highlight elementor-widget elementor-widget-animated-headline\" data-id=\"327ce5a\" data-element_type=\"widget\" data-e-type=\"widget\" data-settings=\"{&quot;marker&quot;:&quot;underline&quot;,&quot;highlighted_text&quot;:&quot;Profesional\\u0103&quot;,&quot;headline_style&quot;:&quot;highlight&quot;,&quot;loop&quot;:&quot;yes&quot;,&quot;highlight_animation_duration&quot;:1200,&quot;highlight_iteration_delay&quot;:8000}\" data-widget_type=\"animated-headline.default\">\n\t\t\t\t<div class=\"elementor-widget-container\">\n\t\t\t\t\t\t\t<h3 class=\"elementor-headline\">\n\t\t\t\t\t<span class=\"elementor-headline-plain-text elementor-headline-text-wrapper\">\u0218coala<\/span>\n\t\t\t\t<span class=\"elementor-headline-dynamic-wrapper elementor-headline-text-wrapper\">\n\t\t\t\t\t<span class=\"elementor-headline-dynamic-text elementor-headline-text-active\">Profesional\u0103<\/span>\n\t\t\t\t<\/span>\n\t\t\t\t<\/h3>\n\t\t\t\t\t\t<\/div>\n\t\t\t\t<\/div>\n\t\t\t\t<div class=\"elementor-element elementor-element-cf121e2 elementor-widget elementor-widget-spacer\" data-id=\"cf121e2\" data-element_type=\"widget\" data-e-type=\"widget\" data-widget_type=\"spacer.default\">\n\t\t\t\t<div class=\"elementor-widget-container\">\n\t\t\t\t\t\t\t<div class=\"elementor-spacer\">\n\t\t\t<div class=\"elementor-spacer-inner\"><\/div>\n\t\t<\/div>\n\t\t\t\t\t\t<\/div>\n\t\t\t\t<\/div>\n\t\t\t\t<div class=\"elementor-element elementor-element-c0a976e elementor-alert-danger elementor-widget elementor-widget-alert\" data-id=\"c0a976e\" data-element_type=\"widget\" data-e-type=\"widget\" data-widget_type=\"alert.default\">\n\t\t\t\t<div class=\"elementor-widget-container\">\n\t\t\t\t\t\t\t<div class=\"elementor-alert\" role=\"alert\">\n\n\t\t\t\n\t\t\t\t\t\t<span class=\"elementor-alert-description\">V\u0103 rug\u0103m s\u0103 completa\u021bi formularul cu aten\u021bie!<br>* Dup\u0103 completarea \u0219i trimiterea formularului ve\u021bi primi un email de confirmare.\n\n<br><br><h3>Codul profilului este <b>563<\/b><\/h3><\/span>\n\t\t\t\n\t\t\t\t\t\t<button type=\"button\" class=\"elementor-alert-dismiss\" aria-label=\"Respinge aceast\u0103 alert\u0103.\">\n\t\t\t\t\t\t\t\t\t<span aria-hidden=\"true\">&times;<\/span>\n\t\t\t\t\t\t\t<\/button>\n\t\t\t\n\t\t<\/div>\n\t\t\t\t\t\t<\/div>\n\t\t\t\t<\/div>\n\t\t\t\t<div data-dce-advanced-background-color=\"#FFFFFF\" class=\"elementor-element elementor-element-678eb84e elementor-button-align-center elementor-widget elementor-widget-form\" data-id=\"678eb84e\" data-element_type=\"widget\" data-e-type=\"widget\" data-settings=\"{&quot;step_next_label&quot;:&quot;Urm\\u0103torul&quot;,&quot;step_previous_label&quot;:&quot;Anterior&quot;,&quot;button_width&quot;:&quot;100&quot;,&quot;dce_confirm_dialog_enabled&quot;:&quot;no&quot;,&quot;step_type&quot;:&quot;number_text&quot;,&quot;step_icon_shape&quot;:&quot;circle&quot;,&quot;label_icon_size&quot;:{&quot;unit&quot;:&quot;px&quot;,&quot;size&quot;:&quot;&quot;,&quot;sizes&quot;:[]},&quot;field_icon_size&quot;:{&quot;unit&quot;:&quot;px&quot;,&quot;size&quot;:&quot;&quot;,&quot;sizes&quot;:[]}}\" data-widget_type=\"form.default\">\n\t\t\t\t<div class=\"elementor-widget-container\">\n\t\t\t\t\t\t\t<form class=\"elementor-form\" method=\"post\" name=\"\u0218coala profesional\u0103\" aria-label=\"\u0218coala profesional\u0103\">\n\t\t\t<input type=\"hidden\" name=\"post_id\" value=\"984\"\/>\n\t\t\t<input type=\"hidden\" name=\"form_id\" value=\"678eb84e\"\/>\n\t\t\t<input type=\"hidden\" name=\"referer_title\" value=\"\u00censcriere \u0219coala profesional\u0103\" \/>\n\n\t\t\t\t\t\t\t<input type=\"hidden\" name=\"queried_id\" value=\"984\"\/>\n\t\t\t\n\t\t\t<div class=\"elementor-form-fields-wrapper elementor-labels-above\">\n\t\t\t\t\t\t\t\t<div class=\"elementor-field-type-step elementor-field-group elementor-column elementor-field-group-field_3fcc772 elementor-col-100\">\n\t\t\t\t\t\t\t<div class=\"e-field-step elementor-hidden\" data-label=\"Formular \u00eenscriere\" data-previousButton=\"\" data-nextButton=\"Pasul 2 - \u00cenc\u0103rcarea documentelor\" data-iconUrl=\"\" data-iconLibrary=\"fas fa-star\" data-icon=\"\" ><\/div>\n\n\t\t\t\t\t\t<\/div>\n\t\t\t\t\t\t\t\t<div class=\"elementor-field-type-text elementor-field-group elementor-column elementor-field-group-name elementor-col-100 elementor-field-required elementor-mark-required\">\n\t\t\t\t\t\t\t\t\t\t\t\t<label for=\"form-field-name\" class=\"elementor-field-label\">\n\t\t\t\t\t\t\t\tNume elev - (Exemplu: Popescu)\t\t\t\t\t\t\t<\/label>\n\t\t\t\t\t\t\t\t\t\t\t\t\t\t<input size=\"1\" type=\"text\" name=\"form_fields[name]\" id=\"form-field-name\" class=\"elementor-field elementor-size-lg  elementor-field-textual\" placeholder=\"Nume elev\" required=\"required\">\n\t\t\t\t\t\t\t\t\t\t\t<\/div>\n\t\t\t\t\t\t\t\t<div class=\"elementor-field-type-text elementor-field-group elementor-column elementor-field-group-field_3951189 elementor-col-100 elementor-field-required elementor-mark-required\">\n\t\t\t\t\t\t\t\t\t\t\t\t<label for=\"form-field-field_3951189\" class=\"elementor-field-label\">\n\t\t\t\t\t\t\t\tIni\u021biala tat\u0103lui - (Dac\u0103 tat\u0103l are dou\u0103 prenume, exemplu Popescu Andrei Daniel, trece\u021bi A. D.)\t\t\t\t\t\t\t<\/label>\n\t\t\t\t\t\t\t\t\t\t\t\t\t\t<input size=\"1\" type=\"text\" name=\"form_fields[field_3951189]\" id=\"form-field-field_3951189\" class=\"elementor-field elementor-size-lg  elementor-field-textual\" placeholder=\"Ini\u021biala tat\u0103lui\" required=\"required\">\n\t\t\t\t\t\t\t\t\t\t\t<\/div>\n\t\t\t\t\t\t\t\t<div class=\"elementor-field-type-text elementor-field-group elementor-column elementor-field-group-field_03b0e5f elementor-col-100 elementor-field-required elementor-mark-required\">\n\t\t\t\t\t\t\t\t\t\t\t\t<label for=\"form-field-field_03b0e5f\" class=\"elementor-field-label\">\n\t\t\t\t\t\t\t\tPrenume elev - (V\u0103 rug\u0103m s\u0103 completa\u021bi ambele prenume, unde este cazul)\t\t\t\t\t\t\t<\/label>\n\t\t\t\t\t\t\t\t\t\t\t\t\t\t<input size=\"1\" type=\"text\" name=\"form_fields[field_03b0e5f]\" id=\"form-field-field_03b0e5f\" class=\"elementor-field elementor-size-lg  elementor-field-textual\" placeholder=\"Prenume elev\" required=\"required\">\n\t\t\t\t\t\t\t\t\t\t\t<\/div>\n\t\t\t\t\t\t\t\t<div class=\"elementor-field-type-number elementor-field-group elementor-column elementor-field-group-field_c6488b7 elementor-col-100 elementor-field-required elementor-mark-required\">\n\t\t\t\t\t\t\t\t\t\t\t\t<label for=\"form-field-field_c6488b7\" class=\"elementor-field-label\">\n\t\t\t\t\t\t\t\tCNP elev\t\t\t\t\t\t\t<\/label>\n\t\t\t\t\t\t\t\t\t<input type=\"number\" name=\"form_fields[field_c6488b7]\" id=\"form-field-field_c6488b7\" class=\"elementor-field elementor-size-lg  elementor-field-textual\" placeholder=\"CNP elev\" required=\"required\" min=\"\" max=\"\" >\n\t\t\t\t\t\t<\/div>\n\t\t\t\t\t\t\t\t<div class=\"elementor-field-type-number elementor-field-group elementor-column elementor-field-group-field_929b227 elementor-col-100 elementor-field-required elementor-mark-required\">\n\t\t\t\t\t\t\t\t\t\t\t\t<label for=\"form-field-field_929b227\" class=\"elementor-field-label\">\n\t\t\t\t\t\t\t\tTelefon p\u0103rinte\t\t\t\t\t\t\t<\/label>\n\t\t\t\t\t\t\t\t\t<input type=\"number\" name=\"form_fields[field_929b227]\" id=\"form-field-field_929b227\" class=\"elementor-field elementor-size-lg  elementor-field-textual\" placeholder=\"Telefon p\u0103rinte\" required=\"required\" min=\"\" max=\"\" >\n\t\t\t\t\t\t<\/div>\n\t\t\t\t\t\t\t\t<div class=\"elementor-field-type-email elementor-field-group elementor-column elementor-field-group-field_112bf04 elementor-col-100 elementor-field-required elementor-mark-required\">\n\t\t\t\t\t\t\t\t\t\t\t\t<label for=\"form-field-field_112bf04\" class=\"elementor-field-label\">\n\t\t\t\t\t\t\t\tEmail p\u0103rinte\t\t\t\t\t\t\t<\/label>\n\t\t\t\t\t\t\t\t\t\t\t\t\t\t<input size=\"1\" type=\"email\" name=\"form_fields[field_112bf04]\" id=\"form-field-field_112bf04\" class=\"elementor-field elementor-size-lg  elementor-field-textual\" placeholder=\"Email p\u0103rinte\" required=\"required\">\n\t\t\t\t\t\t\t\t\t\t\t<\/div>\n\t\t\t\t\t\t\t\t<div class=\"elementor-field-type-select elementor-field-group elementor-column elementor-field-group-field_8cbca57 elementor-col-100 elementor-field-required elementor-mark-required\">\n\t\t\t\t\t\t\t\t\t\t\t\t<label for=\"form-field-field_8cbca57\" class=\"elementor-field-label\">\n\t\t\t\t\t\t\t\tJude\u021b\/Sector \u0219coala de provenien\u021b\u0103\t\t\t\t\t\t\t<\/label>\n\t\t\t\t\t\t\t\t<div class=\"elementor-field elementor-select-wrapper remove-before \">\n\t\t\t<div class=\"select-caret-down-wrapper\">\n\t\t\t\t<i aria-hidden=\"true\" class=\"eicon-caret-down\"><\/i>\t\t\t<\/div>\n\t\t\t<select name=\"form_fields[field_8cbca57]\" id=\"form-field-field_8cbca57\" class=\"elementor-field-textual elementor-size-lg\" required=\"required\">\n\t\t\t\t\t\t\t\t\t<option value=\"Alba\">Alba<\/option>\n\t\t\t\t\t\t\t\t\t<option value=\"Arad\">Arad<\/option>\n\t\t\t\t\t\t\t\t\t<option value=\"Arge\u0219\">Arge\u0219<\/option>\n\t\t\t\t\t\t\t\t\t<option value=\"Bac\u0103u\">Bac\u0103u<\/option>\n\t\t\t\t\t\t\t\t\t<option value=\"Bihor\">Bihor<\/option>\n\t\t\t\t\t\t\t\t\t<option value=\"Bistri\u021ba-N\u0103s\u0103ud\">Bistri\u021ba-N\u0103s\u0103ud<\/option>\n\t\t\t\t\t\t\t\t\t<option value=\"Boto\u0219ani\">Boto\u0219ani<\/option>\n\t\t\t\t\t\t\t\t\t<option value=\"Br\u0103ila\">Br\u0103ila<\/option>\n\t\t\t\t\t\t\t\t\t<option value=\"Bra\u0219ov\">Bra\u0219ov<\/option>\n\t\t\t\t\t\t\t\t\t<option value=\"Bucure\u0219ti\">Bucure\u0219ti<\/option>\n\t\t\t\t\t\t\t\t\t<option value=\"Buz\u0103u\">Buz\u0103u<\/option>\n\t\t\t\t\t\t\t\t\t<option value=\"C\u0103l\u0103ra\u0219i\">C\u0103l\u0103ra\u0219i<\/option>\n\t\t\t\t\t\t\t\t\t<option value=\"Cara\u0219-Severin\">Cara\u0219-Severin<\/option>\n\t\t\t\t\t\t\t\t\t<option value=\"Cluj\">Cluj<\/option>\n\t\t\t\t\t\t\t\t\t<option value=\"Constan\u021ba\">Constan\u021ba<\/option>\n\t\t\t\t\t\t\t\t\t<option value=\"Covasna\">Covasna<\/option>\n\t\t\t\t\t\t\t\t\t<option value=\"D\u00e2mbovi\u021ba\">D\u00e2mbovi\u021ba<\/option>\n\t\t\t\t\t\t\t\t\t<option value=\"Dolj\">Dolj<\/option>\n\t\t\t\t\t\t\t\t\t<option value=\"Gala\u021bi\">Gala\u021bi<\/option>\n\t\t\t\t\t\t\t\t\t<option value=\"Giurgiu\">Giurgiu<\/option>\n\t\t\t\t\t\t\t\t\t<option value=\"Gorj\">Gorj<\/option>\n\t\t\t\t\t\t\t\t\t<option value=\"Harghita\">Harghita<\/option>\n\t\t\t\t\t\t\t\t\t<option value=\"Hunedoara\">Hunedoara<\/option>\n\t\t\t\t\t\t\t\t\t<option value=\"Ialomi\u021ba\">Ialomi\u021ba<\/option>\n\t\t\t\t\t\t\t\t\t<option value=\"Ia\u0219i\">Ia\u0219i<\/option>\n\t\t\t\t\t\t\t\t\t<option value=\"Ilfov\">Ilfov<\/option>\n\t\t\t\t\t\t\t\t\t<option value=\"Maramure\u0219\">Maramure\u0219<\/option>\n\t\t\t\t\t\t\t\t\t<option value=\"Mehedin\u021bi\">Mehedin\u021bi<\/option>\n\t\t\t\t\t\t\t\t\t<option value=\"Mure\u0219\">Mure\u0219<\/option>\n\t\t\t\t\t\t\t\t\t<option value=\"Neam\u021b\">Neam\u021b<\/option>\n\t\t\t\t\t\t\t\t\t<option value=\"Olt\">Olt<\/option>\n\t\t\t\t\t\t\t\t\t<option value=\"Prahova\">Prahova<\/option>\n\t\t\t\t\t\t\t\t\t<option value=\"S\u0103laj\">S\u0103laj<\/option>\n\t\t\t\t\t\t\t\t\t<option value=\"Satu Mare\">Satu Mare<\/option>\n\t\t\t\t\t\t\t\t\t<option value=\"Sibiu\">Sibiu<\/option>\n\t\t\t\t\t\t\t\t\t<option value=\"Suceava\">Suceava<\/option>\n\t\t\t\t\t\t\t\t\t<option value=\"Teleorman\">Teleorman<\/option>\n\t\t\t\t\t\t\t\t\t<option value=\"Timi\u0219\">Timi\u0219<\/option>\n\t\t\t\t\t\t\t\t\t<option value=\"Tulcea\">Tulcea<\/option>\n\t\t\t\t\t\t\t\t\t<option value=\"V\u00e2lcea\">V\u00e2lcea<\/option>\n\t\t\t\t\t\t\t\t\t<option value=\"Vaslui\">Vaslui<\/option>\n\t\t\t\t\t\t\t\t\t<option value=\"Vrancea\">Vrancea<\/option>\n\t\t\t\t\t\t\t<\/select>\n\t\t<\/div>\n\t\t\t\t\t\t<\/div>\n\t\t\t\t\t\t\t\t<div class=\"elementor-field-type-text elementor-field-group elementor-column elementor-field-group-field_4460d27 elementor-col-100 elementor-field-required elementor-mark-required\">\n\t\t\t\t\t\t\t\t\t\t\t\t<label for=\"form-field-field_4460d27\" class=\"elementor-field-label\">\n\t\t\t\t\t\t\t\t\u0218coala de provenien\u021b\u0103 - (Aten\u021bie, ad\u0103uga\u021bi numele COMPLET al \u0219colii. Exemplu: SCOALA GENERALA NR 2 \"GEO BOGZA\" BALAN)\t\t\t\t\t\t\t<\/label>\n\t\t\t\t\t\t\t\t\t\t\t\t\t\t<input size=\"1\" type=\"text\" name=\"form_fields[field_4460d27]\" id=\"form-field-field_4460d27\" class=\"elementor-field elementor-size-lg  elementor-field-textual\" placeholder=\"\u0218coala de provenien\u021b\u0103\" required=\"required\">\n\t\t\t\t\t\t\t\t\t\t\t<\/div>\n\t\t\t\t\t\t\t\t<div class=\"elementor-field-type-step elementor-field-group elementor-column elementor-field-group-field_8e71bda elementor-col-100\">\n\t\t\t\t\t\t\t<div class=\"e-field-step elementor-hidden\" data-label=\"\u00cencarcarea documentelor\" data-previousButton=\"\" data-nextButton=\"\" data-iconUrl=\"\" data-iconLibrary=\"fas fa-star\" data-icon=\"\" ><\/div>\n\n\t\t\t\t\t\t<\/div>\n\t\t\t\t\t\t\t\t<div class=\"elementor-field-type-upload elementor-field-group elementor-column elementor-field-group-field_816fa4a elementor-col-100 elementor-field-required elementor-mark-required\">\n\t\t\t\t\t\t\t\t\t\t\t\t<label for=\"form-field-field_816fa4a\" class=\"elementor-field-label\">\n\t\t\t\t\t\t\t\t<b>1.  Fi\u0219a de \u00eenscriere \u00een \u00eenv\u0103\u021b\u0103m\u00e2ntul profesional eliberat\u0103 de \u0219coala general\u0103 <\/b> (Dimesiunea maxim\u0103 2MB)\t\t\t\t\t\t\t<\/label>\n\t\t\t\t\t\t\t\t<input type=\"file\" name=\"form_fields[field_816fa4a]\" id=\"form-field-field_816fa4a\" class=\"elementor-field elementor-size-lg  elementor-upload-field\" required=\"required\" data-maxsize=\"7\" data-maxsize-message=\"Fi\u0219ierul dep\u0103\u0219e\u0219te dimensiunea maxim\u0103 permis\u0103.\">\n\n\t\t\t\t\t\t<\/div>\n\t\t\t\t\t\t\t\t<div class=\"elementor-field-type-upload elementor-field-group elementor-column elementor-field-group-field_6605f50 elementor-col-100 elementor-field-required elementor-mark-required\">\n\t\t\t\t\t\t\t\t\t\t\t\t<label for=\"form-field-field_6605f50\" class=\"elementor-field-label\">\n\t\t\t\t\t\t\t\t<b>2.  Certificat de na\u015ftere<\/b> (Dimesiunea maxim\u0103 2MB)\t\t\t\t\t\t\t<\/label>\n\t\t\t\t\t\t\t\t<input type=\"file\" name=\"form_fields[field_6605f50]\" id=\"form-field-field_6605f50\" class=\"elementor-field elementor-size-lg  elementor-upload-field\" required=\"required\" data-maxsize=\"7\" data-maxsize-message=\"Fi\u0219ierul dep\u0103\u0219e\u0219te dimensiunea maxim\u0103 permis\u0103.\">\n\n\t\t\t\t\t\t<\/div>\n\t\t\t\t\t\t\t\t<div class=\"elementor-field-type-upload elementor-field-group elementor-column elementor-field-group-field_acab271 elementor-col-100 elementor-field-required elementor-mark-required\">\n\t\t\t\t\t\t\t\t\t\t\t\t<label for=\"form-field-field_acab271\" class=\"elementor-field-label\">\n\t\t\t\t\t\t\t\t<b>3.  Adeverin\u021b\u0103 cu notele \u0219i media general\u0103 ob\u021binute la evaluarea na\u021bional\u0103 <\/b> (Dimesiunea maxim\u0103 2MB)\t\t\t\t\t\t\t<\/label>\n\t\t\t\t\t\t\t\t<input type=\"file\" name=\"form_fields[field_acab271]\" id=\"form-field-field_acab271\" class=\"elementor-field elementor-size-lg  elementor-upload-field\" required=\"required\" data-maxsize=\"7\" data-maxsize-message=\"Fi\u0219ierul dep\u0103\u0219e\u0219te dimensiunea maxim\u0103 permis\u0103.\">\n\n\t\t\t\t\t\t<\/div>\n\t\t\t\t\t\t\t\t<div class=\"elementor-field-type-upload elementor-field-group elementor-column elementor-field-group-field_0ed781e elementor-col-100 elementor-field-required elementor-mark-required\">\n\t\t\t\t\t\t\t\t\t\t\t\t<label for=\"form-field-field_0ed781e\" class=\"elementor-field-label\">\n\t\t\t\t\t\t\t\t<b>4.  Foaia matricol\u0103 pentru clasele V-VIII <\/b> (Dimesiunea maxim\u0103 2MB)\t\t\t\t\t\t\t<\/label>\n\t\t\t\t\t\t\t\t<input type=\"file\" name=\"form_fields[field_0ed781e]\" id=\"form-field-field_0ed781e\" class=\"elementor-field elementor-size-lg  elementor-upload-field\" required=\"required\" data-maxsize=\"7\" data-maxsize-message=\"Fi\u0219ierul dep\u0103\u0219e\u0219te dimensiunea maxim\u0103 permis\u0103.\">\n\n\t\t\t\t\t\t<\/div>\n\t\t\t\t\t\t\t\t<div class=\"elementor-field-type-acceptance elementor-field-group elementor-column elementor-field-group-field_135362f elementor-col-100 elementor-field-required elementor-mark-required\">\n\t\t\t\t\t\t\t<div class=\"elementor-field-subgroup\">\n\t\t\t<span class=\"elementor-field-option\">\n\t\t\t\t<input type=\"checkbox\" name=\"form_fields[field_135362f]\" id=\"form-field-field_135362f\" class=\"elementor-field elementor-size-lg  elementor-acceptance-field\" required=\"required\">\n\t\t\t\t<label for=\"form-field-field_135362f\">Sunt de acord cu prelucrarea datelor personale de c\u0103tre Liceul Teologic Adventist \u201e\u0218tefan Demetrescu\u201d, \u00een vederea \u00eenscrierii la \u0219coala profesional\u0103.<\/label>\t\t\t<\/span>\n\t\t<\/div>\n\t\t\t\t\t\t<\/div>\n\t\t\t\t\t\t\t\t<div class=\"elementor-field-type-recaptcha elementor-field-group elementor-column elementor-field-group-field_748501d elementor-col-100\">\n\t\t\t\t\t<div class=\"elementor-field\" id=\"form-field-field_748501d\"><div class=\"elementor-g-recaptcha\" data-sitekey=\"6LcH5UgnAAAAABK3-VY3BxpT79tNkpJE5qz87zRA\" data-type=\"v2_checkbox\" data-theme=\"light\" data-size=\"normal\"><\/div><\/div>\t\t\t\t<\/div>\n\t\t\t\t\t\t\t\t<div class=\"elementor-field-group elementor-column elementor-field-type-submit elementor-col-100 e-form__buttons\">\n\t\t\t\t\t<button class=\"elementor-button elementor-size-lg\" type=\"submit\">\n\t\t\t\t\t\t<span class=\"elementor-button-content-wrapper\">\n\t\t\t\t\t\t\t\t\t\t\t\t\t\t\t\t\t\t\t\t\t\t<span class=\"elementor-button-text\">Trimite solicitarea<\/span>\n\t\t\t\t\t\t\t\t\t\t\t\t\t<\/span>\n\t\t\t\t\t<\/button>\n\t\t\t\t<\/div>\n\t\t\t<\/div>\n\t\t<\/form>\n\t\t\t\t\t\t<\/div>\n\t\t\t\t<\/div>\n\t\t\t\t\t<\/div>\n\t\t<\/div>\n\t\t\t\t\t<\/div>\n\t\t<\/section>\n\t\t\t\t<\/div>\n\t\t","protected":false},"excerpt":{"rendered":"<p>Formular \u00eenscriere \u0218coala Profesional\u0103 V\u0103 rug\u0103m s\u0103 completa\u021bi formularul cu aten\u021bie!* Dup\u0103 completarea \u0219i trimiterea formularului ve\u021bi primi un email de confirmare. Codul profilului este 563 &times; Respinge aceast\u0103 alert\u0103.<\/p>\n","protected":false},"author":1,"featured_media":0,"parent":0,"menu_order":0,"comment_status":"closed","ping_status":"closed","template":"elementor_canvas","meta":{"footnotes":""},"class_list":["post-984","page","type-page","status-publish","hentry"],"_links":{"self":[{"href":"https:\/\/elev.liceuladventist.ro\/index.php?rest_route=\/wp\/v2\/pages\/984","targetHints":{"allow":["GET"]}}],"collection":[{"href":"https:\/\/elev.liceuladventist.ro\/index.php?rest_route=\/wp\/v2\/pages"}],"about":[{"href":"https:\/\/elev.liceuladventist.ro\/index.php?rest_route=\/wp\/v2\/types\/page"}],"author":[{"embeddable":true,"href":"https:\/\/elev.liceuladventist.ro\/index.php?rest_route=\/wp\/v2\/users\/1"}],"replies":[{"embeddable":true,"href":"https:\/\/elev.liceuladventist.ro\/index.php?rest_route=%2Fwp%2Fv2%2Fcomments&post=984"}],"version-history":[{"count":10,"href":"https:\/\/elev.liceuladventist.ro\/index.php?rest_route=\/wp\/v2\/pages\/984\/revisions"}],"predecessor-version":[{"id":994,"href":"https:\/\/elev.liceuladventist.ro\/index.php?rest_route=\/wp\/v2\/pages\/984\/revisions\/994"}],"wp:attachment":[{"href":"https:\/\/elev.liceuladventist.ro\/index.php?rest_route=%2Fwp%2Fv2%2Fmedia&parent=984"}],"curies":[{"name":"wp","href":"https:\/\/api.w.org\/{rel}","templated":true}]}}